{"id":17,"date":"2024-03-25T06:24:47","date_gmt":"2024-03-25T06:24:47","guid":{"rendered":"https:\/\/casasantour.com\/about-us"},"modified":"2025-10-17T13:33:48","modified_gmt":"2025-10-17T19:33:48","slug":"about-us","status":"publish","type":"page","link":"https:\/\/casasantour.com\/es\/about-us","title":{"rendered":"Casa Santour"},"content":{"rendered":"<div data-elementor-type=\"wp-page\" data-elementor-id=\"17\" class=\"elementor elementor-17\">\n\t\t\t\t<div class=\"elementor-element elementor-element-40816fde e-flex e-con-boxed e-con e-parent\" data-id=\"40816fde\" data-element_type=\"container\">\n\t\t\t\t\t<div class=\"e-con-inner\">\n\t\t\t\t<div class=\"elementor-element elementor-element-63c7228a elementor-widget elementor-widget-text-editor\" data-id=\"63c7228a\" data-element_type=\"widget\" data-widget_type=\"text-editor.default\">\n\t\t\t\t<div class=\"elementor-widget-container\">\n\t\t\t\t\t\t\t\t\t\n<p>Casasantour, es un conjunto de 05 hermosos apartamentos vacacionales totalmente equipados que ofrece ventajas como amplitud y privacidad, dise\u00f1ados para la tranquilidad y seguridad de nuestros clientes. Todo esto, contribuye a una experiencia de vacaciones m\u00e1s personalizada y c\u00f3moda, haciendo que te sientas como en casa mientras disfrutas de tus aventuras en un nuevo destino.<\/p>\n\t\t\t\t\t\t\t\t<\/div>\n\t\t\t\t<\/div>\n\t\t\t\t\t<\/div>\n\t\t\t\t<\/div>\n\t\t<div class=\"elementor-element elementor-element-06a6a4f e-flex e-con-boxed e-con e-parent\" data-id=\"06a6a4f\" data-element_type=\"container\">\n\t\t\t\t\t<div class=\"e-con-inner\">\n\t\t\t\t<div class=\"elementor-element elementor-element-55c7d61 elementor-widget elementor-widget-image-gallery\" data-id=\"55c7d61\" data-element_type=\"widget\" data-widget_type=\"image-gallery.default\">\n\t\t\t\t<div class=\"elementor-widget-container\">\n\t\t\t\t\t\t\t<div class=\"elementor-image-gallery\">\n\t\t\t\n\t\t<style type=\"text\/css\">\n\t\t\t#gallery-1 {\n\t\t\t\tmargin: auto;\n\t\t\t}\n\t\t\t#gallery-1 .gallery-item {\n\t\t\t\tfloat: left;\n\t\t\t\tmargin-top: 10px;\n\t\t\t\ttext-align: center;\n\t\t\t\twidth: 33%;\n\t\t\t}\n\t\t\t#gallery-1 img {\n\t\t\t\tborder: 2px solid #cfcfcf;\n\t\t\t}\n\t\t\t#gallery-1 .gallery-caption {\n\t\t\t\tmargin-left: 0;\n\t\t\t}\n\t\t\t\/* see gallery_shortcode() in wp-includes\/media.php *\/\n\t\t<\/style>\n\t\t<div id='gallery-1' class='gallery galleryid-17 gallery-columns-3 gallery-size-full'><dl class='gallery-item'>\n\t\t\t<dt class='gallery-icon landscape'>\n\t\t\t\t<a data-elementor-open-lightbox=\"yes\" data-elementor-lightbox-slideshow=\"55c7d61\" data-elementor-lightbox-title=\"Untitled\" data-e-action-hash=\"#elementor-action%3Aaction%3Dlightbox%26settings%3DeyJpZCI6NDU0LCJ1cmwiOiJodHRwczpcL1wvY2FzYXNhbnRvdXIuY29tXC93cC1jb250ZW50XC91cGxvYWRzXC8yMDI1XC8wMlwvVW50aXRsZWQuanBnIiwic2xpZGVzaG93IjoiNTVjN2Q2MSJ9\" href='https:\/\/casasantour.com\/wp-content\/uploads\/2025\/02\/Untitled.jpg'><img fetchpriority=\"high\" decoding=\"async\" width=\"1600\" height=\"1200\" src=\"https:\/\/casasantour.com\/wp-content\/uploads\/2025\/02\/Untitled.jpg\" class=\"attachment-full size-full\" alt=\"\" srcset=\"https:\/\/casasantour.com\/wp-content\/uploads\/2025\/02\/Untitled.jpg 1600w, https:\/\/casasantour.com\/wp-content\/uploads\/2025\/02\/Untitled-300x225.jpg 300w, https:\/\/casasantour.com\/wp-content\/uploads\/2025\/02\/Untitled-1024x768.jpg 1024w, https:\/\/casasantour.com\/wp-content\/uploads\/2025\/02\/Untitled-768x576.jpg 768w, https:\/\/casasantour.com\/wp-content\/uploads\/2025\/02\/Untitled-1536x1152.jpg 1536w, https:\/\/casasantour.com\/wp-content\/uploads\/2025\/02\/Untitled-16x12.jpg 16w, https:\/\/casasantour.com\/wp-content\/uploads\/2025\/02\/Untitled-480x360.jpg 480w, https:\/\/casasantour.com\/wp-content\/uploads\/2025\/02\/Untitled-640x480.jpg 640w, https:\/\/casasantour.com\/wp-content\/uploads\/2025\/02\/Untitled-250x188.jpg 250w, https:\/\/casasantour.com\/wp-content\/uploads\/2025\/02\/Untitled-333x250.jpg 333w, https:\/\/casasantour.com\/wp-content\/uploads\/2025\/02\/Untitled-150x113.jpg 150w\" sizes=\"(max-width: 1600px) 100vw, 1600px\" \/><\/a>\n\t\t\t<\/dt><\/dl><dl class='gallery-item'>\n\t\t\t<dt class='gallery-icon landscape'>\n\t\t\t\t<a data-elementor-open-lightbox=\"yes\" data-elementor-lightbox-slideshow=\"55c7d61\" data-elementor-lightbox-title=\"1\" data-e-action-hash=\"#elementor-action%3Aaction%3Dlightbox%26settings%3DeyJpZCI6MzE0LCJ1cmwiOiJodHRwczpcL1wvY2FzYXNhbnRvdXIuY29tXC93cC1jb250ZW50XC91cGxvYWRzXC8yMDI0XC8wNFwvMS0zLmpwZyIsInNsaWRlc2hvdyI6IjU1YzdkNjEifQ%3D%3D\" href='https:\/\/casasantour.com\/wp-content\/uploads\/2024\/04\/1-3.jpg'><img decoding=\"async\" width=\"1200\" height=\"800\" src=\"https:\/\/casasantour.com\/wp-content\/uploads\/2024\/04\/1-3.jpg\" class=\"attachment-full size-full\" alt=\"\" srcset=\"https:\/\/casasantour.com\/wp-content\/uploads\/2024\/04\/1-3.jpg 1200w, https:\/\/casasantour.com\/wp-content\/uploads\/2024\/04\/1-3-300x200.jpg 300w, https:\/\/casasantour.com\/wp-content\/uploads\/2024\/04\/1-3-1024x683.jpg 1024w, https:\/\/casasantour.com\/wp-content\/uploads\/2024\/04\/1-3-768x512.jpg 768w, https:\/\/casasantour.com\/wp-content\/uploads\/2024\/04\/1-3-480x320.jpg 480w, https:\/\/casasantour.com\/wp-content\/uploads\/2024\/04\/1-3-720x480.jpg 720w, https:\/\/casasantour.com\/wp-content\/uploads\/2024\/04\/1-3-250x167.jpg 250w, https:\/\/casasantour.com\/wp-content\/uploads\/2024\/04\/1-3-375x250.jpg 375w, https:\/\/casasantour.com\/wp-content\/uploads\/2024\/04\/1-3-150x100.jpg 150w\" sizes=\"(max-width: 1200px) 100vw, 1200px\" \/><\/a>\n\t\t\t<\/dt><\/dl><dl class='gallery-item'>\n\t\t\t<dt class='gallery-icon landscape'>\n\t\t\t\t<a data-elementor-open-lightbox=\"yes\" data-elementor-lightbox-slideshow=\"55c7d61\" data-elementor-lightbox-title=\"2\" data-e-action-hash=\"#elementor-action%3Aaction%3Dlightbox%26settings%3DeyJpZCI6MzE1LCJ1cmwiOiJodHRwczpcL1wvY2FzYXNhbnRvdXIuY29tXC93cC1jb250ZW50XC91cGxvYWRzXC8yMDI0XC8wNFwvMi0yLmpwZyIsInNsaWRlc2hvdyI6IjU1YzdkNjEifQ%3D%3D\" href='https:\/\/casasantour.com\/wp-content\/uploads\/2024\/04\/2-2.jpg'><img decoding=\"async\" width=\"1200\" height=\"800\" src=\"https:\/\/casasantour.com\/wp-content\/uploads\/2024\/04\/2-2.jpg\" class=\"attachment-full size-full\" alt=\"\" srcset=\"https:\/\/casasantour.com\/wp-content\/uploads\/2024\/04\/2-2.jpg 1200w, https:\/\/casasantour.com\/wp-content\/uploads\/2024\/04\/2-2-300x200.jpg 300w, https:\/\/casasantour.com\/wp-content\/uploads\/2024\/04\/2-2-1024x683.jpg 1024w, https:\/\/casasantour.com\/wp-content\/uploads\/2024\/04\/2-2-768x512.jpg 768w, https:\/\/casasantour.com\/wp-content\/uploads\/2024\/04\/2-2-480x320.jpg 480w, https:\/\/casasantour.com\/wp-content\/uploads\/2024\/04\/2-2-720x480.jpg 720w, https:\/\/casasantour.com\/wp-content\/uploads\/2024\/04\/2-2-250x167.jpg 250w, https:\/\/casasantour.com\/wp-content\/uploads\/2024\/04\/2-2-375x250.jpg 375w, https:\/\/casasantour.com\/wp-content\/uploads\/2024\/04\/2-2-150x100.jpg 150w\" sizes=\"(max-width: 1200px) 100vw, 1200px\" \/><\/a>\n\t\t\t<\/dt><\/dl><br style=\"clear: both\" \/><dl class='gallery-item'>\n\t\t\t<dt class='gallery-icon landscape'>\n\t\t\t\t<a data-elementor-open-lightbox=\"yes\" data-elementor-lightbox-slideshow=\"55c7d61\" data-elementor-lightbox-title=\"3\" data-e-action-hash=\"#elementor-action%3Aaction%3Dlightbox%26settings%3DeyJpZCI6MzE2LCJ1cmwiOiJodHRwczpcL1wvY2FzYXNhbnRvdXIuY29tXC93cC1jb250ZW50XC91cGxvYWRzXC8yMDI0XC8wNFwvMy0yLmpwZyIsInNsaWRlc2hvdyI6IjU1YzdkNjEifQ%3D%3D\" href='https:\/\/casasantour.com\/wp-content\/uploads\/2024\/04\/3-2.jpg'><img loading=\"lazy\" decoding=\"async\" width=\"1200\" height=\"800\" src=\"https:\/\/casasantour.com\/wp-content\/uploads\/2024\/04\/3-2.jpg\" class=\"attachment-full size-full\" alt=\"\" srcset=\"https:\/\/casasantour.com\/wp-content\/uploads\/2024\/04\/3-2.jpg 1200w, https:\/\/casasantour.com\/wp-content\/uploads\/2024\/04\/3-2-300x200.jpg 300w, https:\/\/casasantour.com\/wp-content\/uploads\/2024\/04\/3-2-1024x683.jpg 1024w, https:\/\/casasantour.com\/wp-content\/uploads\/2024\/04\/3-2-768x512.jpg 768w, https:\/\/casasantour.com\/wp-content\/uploads\/2024\/04\/3-2-480x320.jpg 480w, https:\/\/casasantour.com\/wp-content\/uploads\/2024\/04\/3-2-720x480.jpg 720w, https:\/\/casasantour.com\/wp-content\/uploads\/2024\/04\/3-2-250x167.jpg 250w, https:\/\/casasantour.com\/wp-content\/uploads\/2024\/04\/3-2-375x250.jpg 375w, https:\/\/casasantour.com\/wp-content\/uploads\/2024\/04\/3-2-150x100.jpg 150w\" sizes=\"(max-width: 1200px) 100vw, 1200px\" \/><\/a>\n\t\t\t<\/dt><\/dl><dl class='gallery-item'>\n\t\t\t<dt class='gallery-icon landscape'>\n\t\t\t\t<a data-elementor-open-lightbox=\"yes\" data-elementor-lightbox-slideshow=\"55c7d61\" data-elementor-lightbox-title=\"5\" data-e-action-hash=\"#elementor-action%3Aaction%3Dlightbox%26settings%3DeyJpZCI6MzE4LCJ1cmwiOiJodHRwczpcL1wvY2FzYXNhbnRvdXIuY29tXC93cC1jb250ZW50XC91cGxvYWRzXC8yMDI0XC8wNFwvNS0yLmpwZyIsInNsaWRlc2hvdyI6IjU1YzdkNjEifQ%3D%3D\" href='https:\/\/casasantour.com\/wp-content\/uploads\/2024\/04\/5-2.jpg'><img loading=\"lazy\" decoding=\"async\" width=\"1200\" height=\"800\" src=\"https:\/\/casasantour.com\/wp-content\/uploads\/2024\/04\/5-2.jpg\" class=\"attachment-full size-full\" alt=\"\" srcset=\"https:\/\/casasantour.com\/wp-content\/uploads\/2024\/04\/5-2.jpg 1200w, https:\/\/casasantour.com\/wp-content\/uploads\/2024\/04\/5-2-300x200.jpg 300w, https:\/\/casasantour.com\/wp-content\/uploads\/2024\/04\/5-2-1024x683.jpg 1024w, https:\/\/casasantour.com\/wp-content\/uploads\/2024\/04\/5-2-768x512.jpg 768w, https:\/\/casasantour.com\/wp-content\/uploads\/2024\/04\/5-2-480x320.jpg 480w, https:\/\/casasantour.com\/wp-content\/uploads\/2024\/04\/5-2-720x480.jpg 720w, https:\/\/casasantour.com\/wp-content\/uploads\/2024\/04\/5-2-250x167.jpg 250w, https:\/\/casasantour.com\/wp-content\/uploads\/2024\/04\/5-2-375x250.jpg 375w, https:\/\/casasantour.com\/wp-content\/uploads\/2024\/04\/5-2-150x100.jpg 150w\" sizes=\"(max-width: 1200px) 100vw, 1200px\" \/><\/a>\n\t\t\t<\/dt><\/dl><dl class='gallery-item'>\n\t\t\t<dt class='gallery-icon landscape'>\n\t\t\t\t<a data-elementor-open-lightbox=\"yes\" data-elementor-lightbox-slideshow=\"55c7d61\" data-elementor-lightbox-title=\"6\" data-e-action-hash=\"#elementor-action%3Aaction%3Dlightbox%26settings%3DeyJpZCI6MzE5LCJ1cmwiOiJodHRwczpcL1wvY2FzYXNhbnRvdXIuY29tXC93cC1jb250ZW50XC91cGxvYWRzXC8yMDI0XC8wNFwvNi0zLmpwZyIsInNsaWRlc2hvdyI6IjU1YzdkNjEifQ%3D%3D\" href='https:\/\/casasantour.com\/wp-content\/uploads\/2024\/04\/6-3.jpg'><img loading=\"lazy\" decoding=\"async\" width=\"1200\" height=\"800\" src=\"https:\/\/casasantour.com\/wp-content\/uploads\/2024\/04\/6-3.jpg\" class=\"attachment-full size-full\" alt=\"\" srcset=\"https:\/\/casasantour.com\/wp-content\/uploads\/2024\/04\/6-3.jpg 1200w, https:\/\/casasantour.com\/wp-content\/uploads\/2024\/04\/6-3-300x200.jpg 300w, https:\/\/casasantour.com\/wp-content\/uploads\/2024\/04\/6-3-1024x683.jpg 1024w, https:\/\/casasantour.com\/wp-content\/uploads\/2024\/04\/6-3-768x512.jpg 768w, https:\/\/casasantour.com\/wp-content\/uploads\/2024\/04\/6-3-480x320.jpg 480w, https:\/\/casasantour.com\/wp-content\/uploads\/2024\/04\/6-3-720x480.jpg 720w, https:\/\/casasantour.com\/wp-content\/uploads\/2024\/04\/6-3-250x167.jpg 250w, https:\/\/casasantour.com\/wp-content\/uploads\/2024\/04\/6-3-375x250.jpg 375w, https:\/\/casasantour.com\/wp-content\/uploads\/2024\/04\/6-3-150x100.jpg 150w\" sizes=\"(max-width: 1200px) 100vw, 1200px\" \/><\/a>\n\t\t\t<\/dt><\/dl><br style=\"clear: both\" \/>\n\t\t<\/div>\n\t\t<\/div>\n\t\t\t\t\t\t<\/div>\n\t\t\t\t<\/div>\n\t\t\t\t\t<\/div>\n\t\t\t\t<\/div>\n\t\t\t\t<\/div>","protected":false},"excerpt":{"rendered":"<p>Casasantour, es un conjunto de 05 hermosos apartamentos vacacionales totalmente equipados que ofrece ventajas como amplitud y privacidad, dise\u00f1ados para la tranquilidad y seguridad de nuestros clientes. Todo esto, contribuye a una experiencia de vacaciones m\u00e1s personalizada y c\u00f3moda, haciendo que te sientas como en casa mientras disfrutas de tus aventuras en un nuevo destino.<\/p>","protected":false},"author":1,"featured_media":99,"parent":0,"menu_order":0,"comment_status":"closed","ping_status":"closed","template":"page-templates\/page-notitle.php","meta":{"footnotes":""},"class_list":["post-17","page","type-page","status-publish","has-post-thumbnail","hentry"],"_links":{"self":[{"href":"https:\/\/casasantour.com\/es\/wp-json\/wp\/v2\/pages\/17","targetHints":{"allow":["GET"]}}],"collection":[{"href":"https:\/\/casasantour.com\/es\/wp-json\/wp\/v2\/pages"}],"about":[{"href":"https:\/\/casasantour.com\/es\/wp-json\/wp\/v2\/types\/page"}],"author":[{"embeddable":true,"href":"https:\/\/casasantour.com\/es\/wp-json\/wp\/v2\/users\/1"}],"replies":[{"embeddable":true,"href":"https:\/\/casasantour.com\/es\/wp-json\/wp\/v2\/comments?post=17"}],"version-history":[{"count":20,"href":"https:\/\/casasantour.com\/es\/wp-json\/wp\/v2\/pages\/17\/revisions"}],"predecessor-version":[{"id":504,"href":"https:\/\/casasantour.com\/es\/wp-json\/wp\/v2\/pages\/17\/revisions\/504"}],"wp:featuredmedia":[{"embeddable":true,"href":"https:\/\/casasantour.com\/es\/wp-json\/wp\/v2\/media\/99"}],"wp:attachment":[{"href":"https:\/\/casasantour.com\/es\/wp-json\/wp\/v2\/media?parent=17"}],"curies":[{"name":"wp","href":"https:\/\/api.w.org\/{rel}","templated":true}]}}