{"id":30,"date":"2024-03-25T06:25:01","date_gmt":"2024-03-25T06:25:01","guid":{"rendered":"https:\/\/casasantour.com\/contact-us"},"modified":"2024-03-27T10:30:23","modified_gmt":"2024-03-27T16:30:23","slug":"contact-us","status":"publish","type":"page","link":"https:\/\/casasantour.com\/es\/contact-us","title":{"rendered":"Contacto"},"content":{"rendered":"<div class=\"colored-icons\">\n<h3 style=\"text-align: center;\">Casa Santour<\/h3>\n<p style=\"text-align: center;\">CASASANTOUR, es un conjunto de hermosos apartamentos vacacionales totalmente equipados, dise\u00f1ados para la tranquilidad, comodidad, y seguridad, de nuestros clientes, dirigidos a todo p\u00fablico en general, familia con ni\u00f1os, viajeros con mascotas, viajeros de negocios o una pareja que espera disfrutar de noches rom\u00e1nticas.<\/p>\n<\/div>","protected":false},"excerpt":{"rendered":"<p>Casa Santour CASASANTOUR, es un conjunto de hermosos apartamentos vacacionales totalmente equipados, dise\u00f1ados para la tranquilidad, comodidad, y seguridad, de nuestros clientes, dirigidos a todo p\u00fablico en general, familia con ni\u00f1os, viajeros con mascotas, viajeros de negocios o una pareja que espera disfrutar de noches rom\u00e1nticas.<\/p>","protected":false},"author":1,"featured_media":99,"parent":0,"menu_order":0,"comment_status":"closed","ping_status":"closed","template":"page-templates\/page-contact.php","meta":{"footnotes":""},"class_list":["post-30","page","type-page","status-publish","has-post-thumbnail","hentry"],"_links":{"self":[{"href":"https:\/\/casasantour.com\/es\/wp-json\/wp\/v2\/pages\/30","targetHints":{"allow":["GET"]}}],"collection":[{"href":"https:\/\/casasantour.com\/es\/wp-json\/wp\/v2\/pages"}],"about":[{"href":"https:\/\/casasantour.com\/es\/wp-json\/wp\/v2\/types\/page"}],"author":[{"embeddable":true,"href":"https:\/\/casasantour.com\/es\/wp-json\/wp\/v2\/users\/1"}],"replies":[{"embeddable":true,"href":"https:\/\/casasantour.com\/es\/wp-json\/wp\/v2\/comments?post=30"}],"version-history":[{"count":2,"href":"https:\/\/casasantour.com\/es\/wp-json\/wp\/v2\/pages\/30\/revisions"}],"predecessor-version":[{"id":172,"href":"https:\/\/casasantour.com\/es\/wp-json\/wp\/v2\/pages\/30\/revisions\/172"}],"wp:featuredmedia":[{"embeddable":true,"href":"https:\/\/casasantour.com\/es\/wp-json\/wp\/v2\/media\/99"}],"wp:attachment":[{"href":"https:\/\/casasantour.com\/es\/wp-json\/wp\/v2\/media?parent=30"}],"curies":[{"name":"wp","href":"https:\/\/api.w.org\/{rel}","templated":true}]}}