{"id":8,"date":"2024-03-25T06:24:39","date_gmt":"2024-03-25T06:24:39","guid":{"rendered":"https:\/\/casasantour.com\/the-best-place-to-relax-in-a-wonderful-island"},"modified":"2025-02-26T10:37:18","modified_gmt":"2025-02-26T16:37:18","slug":"the-best-place-to-relax-in-a-wonderful-island","status":"publish","type":"page","link":"https:\/\/casasantour.com\/es\/","title":{"rendered":"Casa Santour"},"content":{"rendered":"<div data-elementor-type=\"wp-page\" data-elementor-id=\"8\" class=\"elementor elementor-8\">\n\t\t\t\t<div class=\"elementor-element elementor-element-ab4f168 e-flex e-con-boxed e-con e-parent\" data-id=\"ab4f168\" data-element_type=\"container\">\n\t\t\t\t\t<div class=\"e-con-inner\">\n\t\t\t\t<div class=\"elementor-element elementor-element-451591f elementor-widget elementor-widget-text-editor\" data-id=\"451591f\" data-element_type=\"widget\" data-widget_type=\"text-editor.default\">\n\t\t\t\t<div class=\"elementor-widget-container\">\n\t\t\t\t\t\t\t\t\t<p><\/p>\n<p><\/p>\n<p class=\"p1\" style=\"text-align: center;\">Casa Santour, es un conjunto de 05 hermosos apartamentos vacacionales totalmente equipados que ofrece ventajas como amplitud y privacidad, dise\u00f1ados para la tranquilidad y seguridad de nuestros clientes.  Todo esto, contribuye a una experiencia de vacaciones m\u00e1s personalizada y c\u00f3moda, haciendo que te sientas como en casa mientras disfrutas de tus aventuras en un nuevo destino.<\/p>\n<figure class=\"wp-block-gallery has-nested-images columns-default is-cropped\">\n<p><!-- \/wp:image --><\/p>\n<\/figure>\n<p><!-- \/wp:gallery --><\/p>\t\t\t\t\t\t\t\t<\/div>\n\t\t\t\t<\/div>\n\t\t\t\t\t<\/div>\n\t\t\t\t<\/div>\n\t\t<div class=\"elementor-element elementor-element-d56e9e8 e-flex e-con-boxed e-con e-parent\" data-id=\"d56e9e8\" data-element_type=\"container\">\n\t\t\t\t\t<div class=\"e-con-inner\">\n\t\t\t\t<div class=\"elementor-element elementor-element-28841ac elementor-widget elementor-widget-image-gallery\" data-id=\"28841ac\" data-element_type=\"widget\" data-widget_type=\"image-gallery.default\">\n\t\t\t\t<div class=\"elementor-widget-container\">\n\t\t\t\t\t\t\t<div class=\"elementor-image-gallery\">\n\t\t\t\n\t\t<style type=\"text\/css\">\n\t\t\t#gallery-1 {\n\t\t\t\tmargin: auto;\n\t\t\t}\n\t\t\t#gallery-1 .gallery-item {\n\t\t\t\tfloat: left;\n\t\t\t\tmargin-top: 10px;\n\t\t\t\ttext-align: center;\n\t\t\t\twidth: 33%;\n\t\t\t}\n\t\t\t#gallery-1 img {\n\t\t\t\tborder: 2px solid #cfcfcf;\n\t\t\t}\n\t\t\t#gallery-1 .gallery-caption {\n\t\t\t\tmargin-left: 0;\n\t\t\t}\n\t\t\t\/* see gallery_shortcode() in wp-includes\/media.php *\/\n\t\t<\/style>\n\t\t<div id='gallery-1' class='gallery galleryid-8 gallery-columns-3 gallery-size-medium'><dl class='gallery-item'>\n\t\t\t<dt class='gallery-icon landscape'>\n\t\t\t\t<a data-elementor-open-lightbox=\"yes\" data-elementor-lightbox-slideshow=\"28841ac\" data-elementor-lightbox-title=\"1\" data-e-action-hash=\"#elementor-action%3Aaction%3Dlightbox%26settings%3DeyJpZCI6Mjg2LCJ1cmwiOiJodHRwczpcL1wvY2FzYXNhbnRvdXIuY29tXC93cC1jb250ZW50XC91cGxvYWRzXC8yMDI0XC8wNFwvMS0xLmpwZyIsInNsaWRlc2hvdyI6IjI4ODQxYWMifQ%3D%3D\" href='https:\/\/casasantour.com\/wp-content\/uploads\/2024\/04\/1-1.jpg'><img fetchpriority=\"high\" decoding=\"async\" width=\"300\" height=\"200\" src=\"https:\/\/casasantour.com\/wp-content\/uploads\/2024\/04\/1-1-300x200.jpg\" class=\"attachment-medium size-medium\" alt=\"\" srcset=\"https:\/\/casasantour.com\/wp-content\/uploads\/2024\/04\/1-1-300x200.jpg 300w, https:\/\/casasantour.com\/wp-content\/uploads\/2024\/04\/1-1-1024x683.jpg 1024w, https:\/\/casasantour.com\/wp-content\/uploads\/2024\/04\/1-1-768x512.jpg 768w, https:\/\/casasantour.com\/wp-content\/uploads\/2024\/04\/1-1-480x320.jpg 480w, https:\/\/casasantour.com\/wp-content\/uploads\/2024\/04\/1-1-720x480.jpg 720w, https:\/\/casasantour.com\/wp-content\/uploads\/2024\/04\/1-1-250x167.jpg 250w, https:\/\/casasantour.com\/wp-content\/uploads\/2024\/04\/1-1-375x250.jpg 375w, https:\/\/casasantour.com\/wp-content\/uploads\/2024\/04\/1-1-150x100.jpg 150w, https:\/\/casasantour.com\/wp-content\/uploads\/2024\/04\/1-1.jpg 1200w\" sizes=\"(max-width: 300px) 100vw, 300px\" \/><\/a>\n\t\t\t<\/dt><\/dl><dl class='gallery-item'>\n\t\t\t<dt class='gallery-icon landscape'>\n\t\t\t\t<a data-elementor-open-lightbox=\"yes\" data-elementor-lightbox-slideshow=\"28841ac\" data-elementor-lightbox-title=\"2\" data-e-action-hash=\"#elementor-action%3Aaction%3Dlightbox%26settings%3DeyJpZCI6Mjg3LCJ1cmwiOiJodHRwczpcL1wvY2FzYXNhbnRvdXIuY29tXC93cC1jb250ZW50XC91cGxvYWRzXC8yMDI0XC8wNFwvMi0xLmpwZyIsInNsaWRlc2hvdyI6IjI4ODQxYWMifQ%3D%3D\" href='https:\/\/casasantour.com\/wp-content\/uploads\/2024\/04\/2-1.jpg'><img decoding=\"async\" width=\"300\" height=\"200\" src=\"https:\/\/casasantour.com\/wp-content\/uploads\/2024\/04\/2-1-300x200.jpg\" class=\"attachment-medium size-medium\" alt=\"\" srcset=\"https:\/\/casasantour.com\/wp-content\/uploads\/2024\/04\/2-1-300x200.jpg 300w, https:\/\/casasantour.com\/wp-content\/uploads\/2024\/04\/2-1-1024x683.jpg 1024w, https:\/\/casasantour.com\/wp-content\/uploads\/2024\/04\/2-1-768x512.jpg 768w, https:\/\/casasantour.com\/wp-content\/uploads\/2024\/04\/2-1-480x320.jpg 480w, https:\/\/casasantour.com\/wp-content\/uploads\/2024\/04\/2-1-720x480.jpg 720w, https:\/\/casasantour.com\/wp-content\/uploads\/2024\/04\/2-1-250x167.jpg 250w, https:\/\/casasantour.com\/wp-content\/uploads\/2024\/04\/2-1-375x250.jpg 375w, https:\/\/casasantour.com\/wp-content\/uploads\/2024\/04\/2-1-150x100.jpg 150w, https:\/\/casasantour.com\/wp-content\/uploads\/2024\/04\/2-1.jpg 1200w\" sizes=\"(max-width: 300px) 100vw, 300px\" \/><\/a>\n\t\t\t<\/dt><\/dl><dl class='gallery-item'>\n\t\t\t<dt class='gallery-icon landscape'>\n\t\t\t\t<a data-elementor-open-lightbox=\"yes\" data-elementor-lightbox-slideshow=\"28841ac\" data-elementor-lightbox-title=\"3\" data-e-action-hash=\"#elementor-action%3Aaction%3Dlightbox%26settings%3DeyJpZCI6Mjg4LCJ1cmwiOiJodHRwczpcL1wvY2FzYXNhbnRvdXIuY29tXC93cC1jb250ZW50XC91cGxvYWRzXC8yMDI0XC8wNFwvMy0xLmpwZyIsInNsaWRlc2hvdyI6IjI4ODQxYWMifQ%3D%3D\" href='https:\/\/casasantour.com\/wp-content\/uploads\/2024\/04\/3-1.jpg'><img decoding=\"async\" width=\"300\" height=\"200\" src=\"https:\/\/casasantour.com\/wp-content\/uploads\/2024\/04\/3-1-300x200.jpg\" class=\"attachment-medium size-medium\" alt=\"\" srcset=\"https:\/\/casasantour.com\/wp-content\/uploads\/2024\/04\/3-1-300x200.jpg 300w, https:\/\/casasantour.com\/wp-content\/uploads\/2024\/04\/3-1-1024x683.jpg 1024w, https:\/\/casasantour.com\/wp-content\/uploads\/2024\/04\/3-1-768x512.jpg 768w, https:\/\/casasantour.com\/wp-content\/uploads\/2024\/04\/3-1-480x320.jpg 480w, https:\/\/casasantour.com\/wp-content\/uploads\/2024\/04\/3-1-720x480.jpg 720w, https:\/\/casasantour.com\/wp-content\/uploads\/2024\/04\/3-1-250x167.jpg 250w, https:\/\/casasantour.com\/wp-content\/uploads\/2024\/04\/3-1-375x250.jpg 375w, https:\/\/casasantour.com\/wp-content\/uploads\/2024\/04\/3-1-150x100.jpg 150w, https:\/\/casasantour.com\/wp-content\/uploads\/2024\/04\/3-1.jpg 1200w\" sizes=\"(max-width: 300px) 100vw, 300px\" \/><\/a>\n\t\t\t<\/dt><\/dl><br style=\"clear: both\" \/><dl class='gallery-item'>\n\t\t\t<dt class='gallery-icon landscape'>\n\t\t\t\t<a data-elementor-open-lightbox=\"yes\" data-elementor-lightbox-slideshow=\"28841ac\" data-elementor-lightbox-title=\"4\" data-e-action-hash=\"#elementor-action%3Aaction%3Dlightbox%26settings%3DeyJpZCI6Mjg5LCJ1cmwiOiJodHRwczpcL1wvY2FzYXNhbnRvdXIuY29tXC93cC1jb250ZW50XC91cGxvYWRzXC8yMDI0XC8wNFwvNC0xLmpwZyIsInNsaWRlc2hvdyI6IjI4ODQxYWMifQ%3D%3D\" href='https:\/\/casasantour.com\/wp-content\/uploads\/2024\/04\/4-1.jpg'><img loading=\"lazy\" decoding=\"async\" width=\"300\" height=\"200\" src=\"https:\/\/casasantour.com\/wp-content\/uploads\/2024\/04\/4-1-300x200.jpg\" class=\"attachment-medium size-medium\" alt=\"\" srcset=\"https:\/\/casasantour.com\/wp-content\/uploads\/2024\/04\/4-1-300x200.jpg 300w, https:\/\/casasantour.com\/wp-content\/uploads\/2024\/04\/4-1-1024x683.jpg 1024w, https:\/\/casasantour.com\/wp-content\/uploads\/2024\/04\/4-1-768x512.jpg 768w, https:\/\/casasantour.com\/wp-content\/uploads\/2024\/04\/4-1-480x320.jpg 480w, https:\/\/casasantour.com\/wp-content\/uploads\/2024\/04\/4-1-720x480.jpg 720w, https:\/\/casasantour.com\/wp-content\/uploads\/2024\/04\/4-1-250x167.jpg 250w, https:\/\/casasantour.com\/wp-content\/uploads\/2024\/04\/4-1-375x250.jpg 375w, https:\/\/casasantour.com\/wp-content\/uploads\/2024\/04\/4-1-150x100.jpg 150w, https:\/\/casasantour.com\/wp-content\/uploads\/2024\/04\/4-1.jpg 1200w\" sizes=\"(max-width: 300px) 100vw, 300px\" \/><\/a>\n\t\t\t<\/dt><\/dl><dl class='gallery-item'>\n\t\t\t<dt class='gallery-icon landscape'>\n\t\t\t\t<a data-elementor-open-lightbox=\"yes\" data-elementor-lightbox-slideshow=\"28841ac\" data-elementor-lightbox-title=\"5\" data-e-action-hash=\"#elementor-action%3Aaction%3Dlightbox%26settings%3DeyJpZCI6MjkwLCJ1cmwiOiJodHRwczpcL1wvY2FzYXNhbnRvdXIuY29tXC93cC1jb250ZW50XC91cGxvYWRzXC8yMDI0XC8wNFwvNS0xLmpwZyIsInNsaWRlc2hvdyI6IjI4ODQxYWMifQ%3D%3D\" href='https:\/\/casasantour.com\/wp-content\/uploads\/2024\/04\/5-1.jpg'><img loading=\"lazy\" decoding=\"async\" width=\"300\" height=\"200\" src=\"https:\/\/casasantour.com\/wp-content\/uploads\/2024\/04\/5-1-300x200.jpg\" class=\"attachment-medium size-medium\" alt=\"\" srcset=\"https:\/\/casasantour.com\/wp-content\/uploads\/2024\/04\/5-1-300x200.jpg 300w, https:\/\/casasantour.com\/wp-content\/uploads\/2024\/04\/5-1-1024x683.jpg 1024w, https:\/\/casasantour.com\/wp-content\/uploads\/2024\/04\/5-1-768x512.jpg 768w, https:\/\/casasantour.com\/wp-content\/uploads\/2024\/04\/5-1-480x320.jpg 480w, https:\/\/casasantour.com\/wp-content\/uploads\/2024\/04\/5-1-720x480.jpg 720w, https:\/\/casasantour.com\/wp-content\/uploads\/2024\/04\/5-1-250x167.jpg 250w, https:\/\/casasantour.com\/wp-content\/uploads\/2024\/04\/5-1-375x250.jpg 375w, https:\/\/casasantour.com\/wp-content\/uploads\/2024\/04\/5-1-150x100.jpg 150w, https:\/\/casasantour.com\/wp-content\/uploads\/2024\/04\/5-1.jpg 1200w\" sizes=\"(max-width: 300px) 100vw, 300px\" \/><\/a>\n\t\t\t<\/dt><\/dl><dl class='gallery-item'>\n\t\t\t<dt class='gallery-icon landscape'>\n\t\t\t\t<a data-elementor-open-lightbox=\"yes\" data-elementor-lightbox-slideshow=\"28841ac\" data-elementor-lightbox-title=\"6\" data-e-action-hash=\"#elementor-action%3Aaction%3Dlightbox%26settings%3DeyJpZCI6MjkxLCJ1cmwiOiJodHRwczpcL1wvY2FzYXNhbnRvdXIuY29tXC93cC1jb250ZW50XC91cGxvYWRzXC8yMDI0XC8wNFwvNi0yLmpwZyIsInNsaWRlc2hvdyI6IjI4ODQxYWMifQ%3D%3D\" href='https:\/\/casasantour.com\/wp-content\/uploads\/2024\/04\/6-2.jpg'><img loading=\"lazy\" decoding=\"async\" width=\"300\" height=\"200\" src=\"https:\/\/casasantour.com\/wp-content\/uploads\/2024\/04\/6-2-300x200.jpg\" class=\"attachment-medium size-medium\" alt=\"\" srcset=\"https:\/\/casasantour.com\/wp-content\/uploads\/2024\/04\/6-2-300x200.jpg 300w, https:\/\/casasantour.com\/wp-content\/uploads\/2024\/04\/6-2-1024x683.jpg 1024w, https:\/\/casasantour.com\/wp-content\/uploads\/2024\/04\/6-2-768x512.jpg 768w, https:\/\/casasantour.com\/wp-content\/uploads\/2024\/04\/6-2-480x320.jpg 480w, https:\/\/casasantour.com\/wp-content\/uploads\/2024\/04\/6-2-720x480.jpg 720w, https:\/\/casasantour.com\/wp-content\/uploads\/2024\/04\/6-2-250x167.jpg 250w, https:\/\/casasantour.com\/wp-content\/uploads\/2024\/04\/6-2-375x250.jpg 375w, https:\/\/casasantour.com\/wp-content\/uploads\/2024\/04\/6-2-150x100.jpg 150w, https:\/\/casasantour.com\/wp-content\/uploads\/2024\/04\/6-2.jpg 1200w\" sizes=\"(max-width: 300px) 100vw, 300px\" \/><\/a>\n\t\t\t<\/dt><\/dl><br style=\"clear: both\" \/>\n\t\t<\/div>\n\t\t<\/div>\n\t\t\t\t\t\t<\/div>\n\t\t\t\t<\/div>\n\t\t\t\t\t<\/div>\n\t\t\t\t<\/div>\n\t\t\t\t<\/div>","protected":false},"excerpt":{"rendered":"<p>Casa Santour, es un conjunto de 05 hermosos apartamentos vacacionales totalmente equipados que ofrece ventajas como amplitud y privacidad, dise\u00f1ados para la tranquilidad y seguridad de nuestros clientes.  Todo esto, contribuye a una experiencia de vacaciones m\u00e1s personalizada y c\u00f3moda, haciendo que te sientas como en casa mientras disfrutas de tus aventuras en un nuevo destino.<\/p>","protected":false},"author":1,"featured_media":0,"parent":0,"menu_order":0,"comment_status":"closed","ping_status":"closed","template":"page-templates\/page-homepage.php","meta":{"footnotes":""},"class_list":["post-8","page","type-page","status-publish","hentry"],"_links":{"self":[{"href":"https:\/\/casasantour.com\/es\/wp-json\/wp\/v2\/pages\/8","targetHints":{"allow":["GET"]}}],"collection":[{"href":"https:\/\/casasantour.com\/es\/wp-json\/wp\/v2\/pages"}],"about":[{"href":"https:\/\/casasantour.com\/es\/wp-json\/wp\/v2\/types\/page"}],"author":[{"embeddable":true,"href":"https:\/\/casasantour.com\/es\/wp-json\/wp\/v2\/users\/1"}],"replies":[{"embeddable":true,"href":"https:\/\/casasantour.com\/es\/wp-json\/wp\/v2\/comments?post=8"}],"version-history":[{"count":43,"href":"https:\/\/casasantour.com\/es\/wp-json\/wp\/v2\/pages\/8\/revisions"}],"predecessor-version":[{"id":495,"href":"https:\/\/casasantour.com\/es\/wp-json\/wp\/v2\/pages\/8\/revisions\/495"}],"wp:attachment":[{"href":"https:\/\/casasantour.com\/es\/wp-json\/wp\/v2\/media?parent=8"}],"curies":[{"name":"wp","href":"https:\/\/api.w.org\/{rel}","templated":true}]}}